{"id":361,"date":"2023-07-07T00:31:40","date_gmt":"2023-07-07T00:31:40","guid":{"rendered":"https:\/\/estadventure.com\/?post_type=product&#038;p=361"},"modified":"2024-03-12T19:31:28","modified_gmt":"2024-03-12T19:31:28","slug":"tibet-mtb-avantura","status":"publish","type":"product","link":"https:\/\/estadventure.com\/sr\/product\/tibet-mtb-avantura\/","title":{"rendered":"Tibet bike tura"},"content":{"rendered":"<p>Avantura na koju Vas vodimo po\u010dinje u Kathmandu glavnom gradu Republike Nepal, odakle letimo za Lhasu \u2013 glavni grad kineske pokrajine Tibet. Prelete\u0107emo najvi\u0161e vrhove sveta i ima\u0107emo priliku da u\u017eivamo u nesvakida\u0161njem pogledu. Tokom aklimatizacije obi\u0107i cemo istorijsko, kulturno i religisko nasle\u0111e ovog grada. Zatim kre\u0107emo na put dug 1100 kilometara po Tibetanskom platou i manjim delom po Nepalu. Tokom vo\u017enje prati\u0107e nas Minibus i jedan kamion u kojem \u0107emo smestiti na\u0161u opremu.<\/p>\n<p>Put nas vodi preko prevoja Gyamtso La (5220m) i grada Shigatse, preko grandioznog pogleda na severnu stenu Mt. Everest \u2013a, i na kraju vo\u017enje po Tibetu, ukaza\u0107e nam se sveta planina od \u010detiri religije: Kailash. Dnevne distance koje \u0107emo prelaziti su od 70km do 100 km. Svako popodne u mestima u kojima budemo spavali obilazi\u0107emo kulturne i religijske spomenike naroda Tibeta.<\/p>\n<p>Ovo je tura za istinske ljubitelje prirode i istra\u017eiva\u010de na biciklu. Potrebno je trenirati tokom prole\u0107a u na\u0161im brdima kako bi vi\u0161e u\u017eivali na Tibetu. Ali da znate, ovo nije tura za one koji \u017eele da se dokazuju, mere vreme za koje su pre\u0161li etapu ili svaki \u010das gledaju na puls monitor. Ovde ne istra\u017eujemo koje su granice na\u0161ih fizi\u010dkih mogu\u0107nosti, ve\u0107 upoznajemo jedan drugi svet koji nam poma\u017ee da se menjamo.<\/p>\n","protected":false},"excerpt":{"rendered":"<p>Fali SHORT DESCRIPTION&#8230;<\/p>\n","protected":false},"featured_media":1004,"comment_status":"open","ping_status":"closed","template":"","meta":{"_acf_changed":false,"inline_featured_image":false},"product_cat":[24,22],"product_tag":[],"class_list":{"0":"post-361","1":"product","2":"type-product","3":"status-publish","4":"has-post-thumbnail","6":"item-izazovno","7":"product_cat-avanture-svet","8":"product_cat-sve","10":"first","11":"instock","12":"shipping-taxable","13":"purchasable","14":"product-type-variable"},"acf":[],"_links":{"self":[{"href":"https:\/\/estadventure.com\/sr\/wp-json\/wp\/v2\/product\/361","targetHints":{"allow":["GET"]}}],"collection":[{"href":"https:\/\/estadventure.com\/sr\/wp-json\/wp\/v2\/product"}],"about":[{"href":"https:\/\/estadventure.com\/sr\/wp-json\/wp\/v2\/types\/product"}],"replies":[{"embeddable":true,"href":"https:\/\/estadventure.com\/sr\/wp-json\/wp\/v2\/comments?post=361"}],"wp:featuredmedia":[{"embeddable":true,"href":"https:\/\/estadventure.com\/sr\/wp-json\/wp\/v2\/media\/1004"}],"wp:attachment":[{"href":"https:\/\/estadventure.com\/sr\/wp-json\/wp\/v2\/media?parent=361"}],"wp:term":[{"taxonomy":"product_cat","embeddable":true,"href":"https:\/\/estadventure.com\/sr\/wp-json\/wp\/v2\/product_cat?post=361"},{"taxonomy":"product_tag","embeddable":true,"href":"https:\/\/estadventure.com\/sr\/wp-json\/wp\/v2\/product_tag?post=361"}],"curies":[{"name":"wp","href":"https:\/\/api.w.org\/{rel}","templated":true}]}}