{"id":329,"date":"2023-07-07T00:31:23","date_gmt":"2023-07-07T00:31:23","guid":{"rendered":"https:\/\/estadventure.com\/?post_type=product&#038;p=329"},"modified":"2024-03-12T19:49:18","modified_gmt":"2024-03-12T19:49:18","slug":"veliki-atlas-maroko","status":"publish","type":"product","link":"https:\/\/estadventure.com\/sr\/product\/veliki-atlas-maroko\/","title":{"rendered":"Veliki Atlas \/ Maroko"},"content":{"rendered":"<p>Atlas, planinski masiv koji spaja Maroko, Tunis i Al\u017eir, predstavlja pravi avanturisti\u010dki do\u017eivljaj za sve ljubitelje planinarenja i netaknute prirode. Pored uspona na najvi\u0161i vrh Severne Afrike, Toubkal (4167m), obilaze se stari gradovi Maroka i njihove najzanimljivije kulturne znamenitosti. Bi\u0107ete iznena\u0111eni koliko se potoka, u naizgled pustoj oblasti, sliva sa svih strana. Veliki vodopadi deluju nestvarno s obzirom na to da se nalazite u Severnoj Africi.<\/p>\n<p>Najzanimljivije mesto je selo Imlil koje se nalazi sakriveno me\u0111u kro\u0161njama hiljada stabala oraha. Zvezdano nebo na Himalajima je neponovljivo, ali njegova lepota nije ni\u0161ta manje vredna ni u planinama Severne Afrike. Izlazak sunca je poseban do\u017eivljaj. Prvi zraci sunca se ra\u0161ire kao lepeza nad selom, osvetljavaju\u0107i ku\u0107e i kro\u0161nje orahovog drveta. Doru\u010dak na terasi uz mirise lokalne kuhinje koji se me\u0161aju sa sve\u017eim jutarnjim zrakom svima donose mir i spokoj. Stanovnici govore uglavnom berberski, arapski i francuski jezik. Veoma su gostoljubivi i \u017eive u velikim zajednicama. Nakon uspona na Veliki Atlas i nakon obilaska Marake\u0161a, idemo do Atlantskog okeana u \u010duvenu luku Agadir, tj. Mogador, da posle planine u\u017eivamo na pla\u017ei.<\/p>\n","protected":false},"excerpt":{"rendered":"<p>Fali SHORT DESCRIPTION&#8230;<\/p>\n","protected":false},"featured_media":1005,"comment_status":"open","ping_status":"closed","template":"","meta":{"_acf_changed":false,"inline_featured_image":false},"product_cat":[24,22],"product_tag":[],"class_list":{"0":"post-329","1":"product","2":"type-product","3":"status-publish","4":"has-post-thumbnail","6":"item-izazovno","7":"product_cat-avanture-svet","8":"product_cat-sve","10":"first","11":"instock","12":"shipping-taxable","13":"purchasable","14":"product-type-variable"},"acf":[],"_links":{"self":[{"href":"https:\/\/estadventure.com\/sr\/wp-json\/wp\/v2\/product\/329","targetHints":{"allow":["GET"]}}],"collection":[{"href":"https:\/\/estadventure.com\/sr\/wp-json\/wp\/v2\/product"}],"about":[{"href":"https:\/\/estadventure.com\/sr\/wp-json\/wp\/v2\/types\/product"}],"replies":[{"embeddable":true,"href":"https:\/\/estadventure.com\/sr\/wp-json\/wp\/v2\/comments?post=329"}],"wp:featuredmedia":[{"embeddable":true,"href":"https:\/\/estadventure.com\/sr\/wp-json\/wp\/v2\/media\/1005"}],"wp:attachment":[{"href":"https:\/\/estadventure.com\/sr\/wp-json\/wp\/v2\/media?parent=329"}],"wp:term":[{"taxonomy":"product_cat","embeddable":true,"href":"https:\/\/estadventure.com\/sr\/wp-json\/wp\/v2\/product_cat?post=329"},{"taxonomy":"product_tag","embeddable":true,"href":"https:\/\/estadventure.com\/sr\/wp-json\/wp\/v2\/product_tag?post=329"}],"curies":[{"name":"wp","href":"https:\/\/api.w.org\/{rel}","templated":true}]}}